{"id":9,"date":"2024-06-29T09:01:33","date_gmt":"2024-06-29T09:01:33","guid":{"rendered":"https:\/\/rudolf-englert.com\/?page_id=9"},"modified":"2025-06-18T09:10:49","modified_gmt":"2025-06-18T09:10:49","slug":"willkommen","status":"publish","type":"page","link":"https:\/\/rudolf-englert.com\/","title":{"rendered":"Willkommen"},"content":{"rendered":"\t\t<div data-elementor-type=\"wp-page\" data-elementor-id=\"9\" class=\"elementor elementor-9\">\n\t\t\t\t<div class=\"elementor-element elementor-element-a68be9f e-flex e-con-boxed wpr-particle-no wpr-jarallax-no wpr-parallax-no wpr-sticky-section-no wpr-equal-height-no e-con e-parent\" data-id=\"a68be9f\" data-element_type=\"container\" data-e-type=\"container\" data-settings=\"{&quot;background_background&quot;:&quot;classic&quot;}\">\n\t\t\t\t\t<div class=\"e-con-inner\">\n\t\t\t\t\t<\/div>\n\t\t\t\t<\/div>\n\t\t<div class=\"elementor-element elementor-element-d6681c6 e-flex e-con-boxed wpr-particle-no wpr-jarallax-no wpr-parallax-no wpr-sticky-section-no wpr-equal-height-no e-con e-parent\" data-id=\"d6681c6\" data-element_type=\"container\" data-e-type=\"container\">\n\t\t\t\t\t<div class=\"e-con-inner\">\n\t\t<div class=\"elementor-element elementor-element-823b337 e-con-full e-flex wpr-particle-no wpr-jarallax-no wpr-parallax-no wpr-sticky-section-no wpr-equal-height-no e-con e-child\" data-id=\"823b337\" data-element_type=\"container\" data-e-type=\"container\">\n\t\t\t\t<div class=\"elementor-element elementor-element-4f49aa0 elementor-widget elementor-widget-image\" data-id=\"4f49aa0\" data-element_type=\"widget\" data-e-type=\"widget\" data-widget_type=\"image.default\">\n\t\t\t\t<div class=\"elementor-widget-container\">\n\t\t\t\t\t\t\t\t\t\t\t\t\t\t\t<img fetchpriority=\"high\" decoding=\"async\" width=\"768\" height=\"1077\" src=\"https:\/\/rudolf-englert.com\/wp-content\/uploads\/2024\/08\/Ibiza-1980-Farbstift-und-Acryl-auf-Papier-295-x-21-cm-S.-154-768x1077.jpg\" class=\"attachment-medium_large size-medium_large wp-image-1072\" alt=\"\" srcset=\"https:\/\/rudolf-englert.com\/wp-content\/uploads\/2024\/08\/Ibiza-1980-Farbstift-und-Acryl-auf-Papier-295-x-21-cm-S.-154-768x1077.jpg 768w, https:\/\/rudolf-englert.com\/wp-content\/uploads\/2024\/08\/Ibiza-1980-Farbstift-und-Acryl-auf-Papier-295-x-21-cm-S.-154-214x300.jpg 214w, https:\/\/rudolf-englert.com\/wp-content\/uploads\/2024\/08\/Ibiza-1980-Farbstift-und-Acryl-auf-Papier-295-x-21-cm-S.-154-730x1024.jpg 730w, https:\/\/rudolf-englert.com\/wp-content\/uploads\/2024\/08\/Ibiza-1980-Farbstift-und-Acryl-auf-Papier-295-x-21-cm-S.-154.jpg 842w\" sizes=\"(max-width: 768px) 100vw, 768px\" \/>\t\t\t\t\t\t\t\t\t\t\t\t\t\t\t<\/div>\n\t\t\t\t<\/div>\n\t\t\t\t<div class=\"elementor-element elementor-element-ba43cb8 elementor-widget elementor-widget-text-editor\" data-id=\"ba43cb8\" data-element_type=\"widget\" data-e-type=\"widget\" data-widget_type=\"text-editor.default\">\n\t\t\t\t<div class=\"elementor-widget-container\">\n\t\t\t\t\t\t\t\t\t<p>78, Ibiza, Siesta, 11.10.1980<br \/>Farbstift und Acryl auf Papier, 29,5 x 21 cm<\/p>\t\t\t\t\t\t\t\t<\/div>\n\t\t\t\t<\/div>\n\t\t\t\t<\/div>\n\t\t<div class=\"elementor-element elementor-element-e904313 e-con-full e-flex wpr-particle-no wpr-jarallax-no wpr-parallax-no wpr-sticky-section-no wpr-equal-height-no e-con e-child\" data-id=\"e904313\" data-element_type=\"container\" data-e-type=\"container\">\n\t\t\t\t<\/div>\n\t\t<div class=\"elementor-element elementor-element-0b9ca23 e-con-full e-flex wpr-particle-no wpr-jarallax-no wpr-parallax-no wpr-sticky-section-no wpr-equal-height-no e-con e-child\" data-id=\"0b9ca23\" data-element_type=\"container\" data-e-type=\"container\">\n\t\t<div class=\"elementor-element elementor-element-42c9356 e-con-full e-flex wpr-particle-no wpr-jarallax-no wpr-parallax-no wpr-sticky-section-no wpr-equal-height-no e-con e-child\" data-id=\"42c9356\" data-element_type=\"container\" data-e-type=\"container\">\n\t\t\t\t<div class=\"elementor-element elementor-element-2ce9d0f elementor-widget elementor-widget-spacer\" data-id=\"2ce9d0f\" data-element_type=\"widget\" data-e-type=\"widget\" data-widget_type=\"spacer.default\">\n\t\t\t\t<div class=\"elementor-widget-container\">\n\t\t\t\t\t\t\t<div class=\"elementor-spacer\">\n\t\t\t<div class=\"elementor-spacer-inner\"><\/div>\n\t\t<\/div>\n\t\t\t\t\t\t<\/div>\n\t\t\t\t<\/div>\n\t\t\t\t<div class=\"elementor-element elementor-element-68b1df5 elementor-widget elementor-widget-text-editor\" data-id=\"68b1df5\" data-element_type=\"widget\" data-e-type=\"widget\" data-widget_type=\"text-editor.default\">\n\t\t\t\t<div class=\"elementor-widget-container\">\n\t\t\t\t\t\t\t\t\t<p>Das Besondere der Kunst Englerts \u201eist ihre Eigenwilligkeit, die dem Betrachter die Bereitschaft zum Denken in neuen, herk\u00f6mmliche Begriffe hinter sich lassenden Kategorien abfordert\u2026 Seine Bilder geben Auskunft \u00fcber einen K\u00fcnstler, der die Welt der Strukturen durchma\u00df.\u201c<br \/>(Sabine Winter, 1963)<br \/>Bei den Zeichnungen von Rudolf Englert \u201ebildet sich die Einheit durch den vom Betrachter vollzogenen Rhythmus, durch sein momentanes Verbinden und Unterscheiden und durch sein Erlebnis von horizontaler Melodie \u2013 als Schrift \u2013 und vertikalem Klang \u2013 als Bild\u2026 <br \/>Noch im Ganzen der durchgehaltenen Struktur, ihrer fl\u00e4chigen Einheit, ist dieses Lebendige zu sp\u00fcren, diese permanente Freiheit und Gel\u00f6stheit der stets offen bleibenden Entscheidungen. Dieses Reagieren auf innere Notwendigkeiten wird bei Englert zum Fundament ihrer Intensit\u00e4t.\u201c <br \/>(Erich Franz, 2012)<\/p>\t\t\t\t\t\t\t\t<\/div>\n\t\t\t\t<\/div>\n\t\t\t\t<\/div>\n\t\t\t\t<\/div>\n\t\t\t\t\t<\/div>\n\t\t\t\t<\/div>\n\t\t<div class=\"elementor-element elementor-element-6dae2bf e-flex e-con-boxed wpr-particle-no wpr-jarallax-no wpr-parallax-no wpr-sticky-section-no wpr-equal-height-no e-con e-parent\" data-id=\"6dae2bf\" data-element_type=\"container\" data-e-type=\"container\">\n\t\t\t\t\t<div class=\"e-con-inner\">\n\t\t\t\t\t<\/div>\n\t\t\t\t<\/div>\n\t\t\t\t<\/div>\n\t\t","protected":false},"excerpt":{"rendered":"<p>78, Ibiza, Siesta, 11.10.1980Farbstift und Acryl auf Papier, 29,5 x 21 cm Das Besondere der Kunst Englerts \u201eist ihre Eigenwilligkeit, die dem Betrachter die Bereitschaft zum Denken in neuen, herk\u00f6mmliche Begriffe hinter sich lassenden Kategorien abfordert\u2026 Seine Bilder geben Auskunft \u00fcber einen K\u00fcnstler, der die Welt der Strukturen durchma\u00df.\u201c(Sabine Winter, 1963)Bei den Zeichnungen von Rudolf Englert \u201ebildet sich die Einheit durch den vom Betrachter vollzogenen Rhythmus, durch sein momentanes Verbinden und Unterscheiden und durch sein Erlebnis von horizontaler Melodie \u2013 als Schrift \u2013 und vertikalem Klang \u2013 als Bild\u2026 Noch im Ganzen der durchgehaltenen Struktur, ihrer fl\u00e4chigen Einheit, ist dieses Lebendige zu sp\u00fcren, diese permanente Freiheit und Gel\u00f6stheit der stets offen bleibenden Entscheidungen. Dieses Reagieren auf innere Notwendigkeiten wird bei Englert zum Fundament ihrer Intensit\u00e4t.\u201c (Erich Franz, 2012)<\/p>\n","protected":false},"author":1,"featured_media":0,"parent":0,"menu_order":0,"comment_status":"closed","ping_status":"closed","template":"","meta":{"site-sidebar-layout":"no-sidebar","site-content-layout":"","ast-site-content-layout":"full-width-container","site-content-style":"default","site-sidebar-style":"default","ast-global-header-display":"","ast-banner-title-visibility":"","ast-main-header-display":"","ast-hfb-above-header-display":"","ast-hfb-below-header-display":"","ast-hfb-mobile-header-display":"","site-post-title":"disabled","ast-breadcrumbs-content":"","ast-featured-img":"disabled","footer-sml-layout":"","ast-disable-related-posts":"","theme-transparent-header-meta":"","adv-header-id-meta":"","stick-header-meta":"","header-above-stick-meta":"","header-main-stick-meta":"","header-below-stick-meta":"","astra-migrate-meta-layouts":"default","ast-page-background-enabled":"default","ast-page-background-meta":{"desktop":{"background-color":"var(--ast-global-color-4)","background-image":"","background-repeat":"repeat","background-position":"center center","background-size":"auto","background-attachment":"scroll","background-type":"","background-media":"","overlay-type":"","overlay-color":"","overlay-opacity":"","overlay-gradient":""},"tablet":{"background-color":"","background-image":"","background-repeat":"repeat","background-position":"center center","background-size":"auto","background-attachment":"scroll","background-type":"","background-media":"","overlay-type":"","overlay-color":"","overlay-opacity":"","overlay-gradient":""},"mobile":{"background-color":"","background-image":"","background-repeat":"repeat","background-position":"center center","background-size":"auto","background-attachment":"scroll","background-type":"","background-media":"","overlay-type":"","overlay-color":"","overlay-opacity":"","overlay-gradient":""}},"ast-content-background-meta":{"desktop":{"background-color":"var(--ast-global-color-5)","background-image":"","background-repeat":"repeat","background-position":"center center","background-size":"auto","background-attachment":"scroll","background-type":"","background-media":"","overlay-type":"","overlay-color":"","overlay-opacity":"","overlay-gradient":""},"tablet":{"background-color":"var(--ast-global-color-5)","background-image":"","background-repeat":"repeat","background-position":"center center","background-size":"auto","background-attachment":"scroll","background-type":"","background-media":"","overlay-type":"","overlay-color":"","overlay-opacity":"","overlay-gradient":""},"mobile":{"background-color":"var(--ast-global-color-5)","background-image":"","background-repeat":"repeat","background-position":"center center","background-size":"auto","background-attachment":"scroll","background-type":"","background-media":"","overlay-type":"","overlay-color":"","overlay-opacity":"","overlay-gradient":""}},"footnotes":""},"class_list":["post-9","page","type-page","status-publish","hentry"],"_links":{"self":[{"href":"https:\/\/rudolf-englert.com\/index.php?rest_route=\/wp\/v2\/pages\/9","targetHints":{"allow":["GET"]}}],"collection":[{"href":"https:\/\/rudolf-englert.com\/index.php?rest_route=\/wp\/v2\/pages"}],"about":[{"href":"https:\/\/rudolf-englert.com\/index.php?rest_route=\/wp\/v2\/types\/page"}],"author":[{"embeddable":true,"href":"https:\/\/rudolf-englert.com\/index.php?rest_route=\/wp\/v2\/users\/1"}],"replies":[{"embeddable":true,"href":"https:\/\/rudolf-englert.com\/index.php?rest_route=%2Fwp%2Fv2%2Fcomments&post=9"}],"version-history":[{"count":499,"href":"https:\/\/rudolf-englert.com\/index.php?rest_route=\/wp\/v2\/pages\/9\/revisions"}],"predecessor-version":[{"id":2287,"href":"https:\/\/rudolf-englert.com\/index.php?rest_route=\/wp\/v2\/pages\/9\/revisions\/2287"}],"wp:attachment":[{"href":"https:\/\/rudolf-englert.com\/index.php?rest_route=%2Fwp%2Fv2%2Fmedia&parent=9"}],"curies":[{"name":"wp","href":"https:\/\/api.w.org\/{rel}","templated":true}]}}